{"id":29638,"date":"2025-10-07T07:49:27","date_gmt":"2025-10-07T07:49:27","guid":{"rendered":"https:\/\/www.ergio.ro\/co\/?page_id=29638"},"modified":"2025-10-07T13:40:14","modified_gmt":"2025-10-07T13:40:14","slug":"despre-proiect","status":"publish","type":"page","link":"https:\/\/www.ergio.ro\/co\/despre-proiect\/","title":{"rendered":"Proiect PR NE 2021-2027"},"content":{"rendered":"\t\t<div data-elementor-type=\"wp-page\" data-elementor-id=\"29638\" class=\"elementor elementor-29638\">\n\t\t\t\t\t\t\t\t\t<section class=\"elementor-section elementor-top-section elementor-element elementor-element-4716a44e elementor-section-full_width page-masthead bg-image js-lazy loaded page-masthead__bg elementor-section-height-default elementor-section-height-default\" data-id=\"4716a44e\" data-element_type=\"section\" data-settings=\"{&quot;background_background&quot;:&quot;classic&quot;}\" data-parallax=\"0.6\">\n\t\t\t\t\t\t<div class=\"elementor-container elementor-column-gap-default container\">\n\t\t\t\t\t<div class=\"elementor-column elementor-col-100 elementor-top-column elementor-element elementor-element-1f62f425\" data-id=\"1f62f425\" data-element_type=\"column\">\n\t\t\t<div class=\"p-0 page-masthead__content elementor-widget-wrap elementor-element-populated\">\n\t\t\t\t\t\t\t\t<div class=\"elementor-section elementor-inner-section elementor-element elementor-element-3b27743e elementor-section-full_width elementor-section-height-default elementor-section-height-default\" data-id=\"3b27743e\" data-element_type=\"section\">\n\t\t\t\t\t\t<div class=\"elementor-container elementor-column-gap-default row justify-content-between md:justify-content-center align-items-center row-margin\">\n\t\t\t\t\t<div class=\"elementor-column elementor-col-50 elementor-inner-column elementor-element elementor-element-57f5b2e1 col-lg-9 col-md-10\" data-id=\"57f5b2e1\" data-element_type=\"column\" data-anim=\"slide-up delay-1\">\n\t\t\t<div class=\"p-0 elementor-widget-wrap elementor-element-populated\">\n\t\t\t\t\t\t\t\t<div class=\"elementor-element elementor-element-3667a62c elementor-widget elementor-widget-highlighted-heading\" data-id=\"3667a62c\" data-element_type=\"widget\" data-widget_type=\"highlighted-heading.default\">\n\t\t\t\t<div class=\"elementor-widget-container\">\n\t\t\t<div class=\"highlighted-heading__title page-masthead__subtitle\">TITLUL PROIECTULUI<\/div>\t\t<\/div>\n\t\t\t\t<\/div>\n\t\t\t\t<div class=\"elementor-element elementor-element-55679c0f position-static elementor-widget elementor-widget-highlighted-heading\" data-id=\"55679c0f\" data-element_type=\"widget\" data-widget_type=\"highlighted-heading.default\">\n\t\t\t\t<div class=\"elementor-widget-container\">\n\t\t\t<div class=\"highlighted-heading__title page-masthead__back_title\">Proiect PR NE 2021-2027<\/div>\t\t<\/div>\n\t\t\t\t<\/div>\n\t\t\t\t<div class=\"elementor-element elementor-element-708a9851 elementor-widget elementor-widget-highlighted-heading\" data-id=\"708a9851\" data-element_type=\"widget\" data-widget_type=\"highlighted-heading.default\">\n\t\t\t\t<div class=\"elementor-widget-container\">\n\t\t\t<h1 class=\"highlighted-heading__title page-masthead__title text-white\">Valorificarea avantajelor digitaliz\u0103rii \u00een beneficiul companiei ERGIO BY MERLU\u0218C\u0102 SRL Com\u0103ne\u0219ti, Jude\u021b Bac\u0103u<\/h1>\t\t<\/div>\n\t\t\t\t<\/div>\n\t\t\t\t\t<\/div>\n\t\t<\/div>\n\t\t\t\t<div class=\"elementor-column elementor-col-50 elementor-inner-column elementor-element elementor-element-13414b80 col-lg-auto col-12\" data-id=\"13414b80\" data-element_type=\"column\">\n\t\t\t<div class=\"p-0 elementor-widget-wrap elementor-element-populated\">\n\t\t\t\t\t\t\t\t<div class=\"elementor-element elementor-element-351176cd elementor-widget elementor-widget-hx-breadcrumb\" data-id=\"351176cd\" data-element_type=\"widget\" data-widget_type=\"hx-breadcrumb.default\">\n\t\t\t\t<div class=\"elementor-widget-container\">\n\t\t\t<div data-anim=\"slide-up delay-1\" class=\"page-masthead-bread text-white md:mt-24 text-right\"><a data-barba class=\"page-masthead-bread__item active\">Home<\/a><\/div>\t\t<\/div>\n\t\t\t\t<\/div>\n\t\t\t\t\t<\/div>\n\t\t<\/div>\n\t\t\t\t\t\t\t<\/div>\n\t\t<\/div>\n\t\t\t\t\t<\/div>\n\t\t<\/div>\n\t\t\t\t\t\t\t<\/div>\n\t\t<\/section>\n\t\t\t\t<section class=\"elementor-section elementor-top-section elementor-element elementor-element-625b235 elementor-section-boxed elementor-section-height-default elementor-section-height-default\" data-id=\"625b235\" data-element_type=\"section\">\n\t\t\t\t\t\t<div class=\"elementor-container elementor-column-gap-default\">\n\t\t\t\t\t<div class=\"elementor-column elementor-col-100 elementor-top-column elementor-element elementor-element-5a176f0\" data-id=\"5a176f0\" data-element_type=\"column\">\n\t\t\t<div class=\"elementor-widget-wrap elementor-element-populated\">\n\t\t\t\t\t\t\t\t<div class=\"elementor-element elementor-element-4acb7e0 elementor-widget elementor-widget-image\" data-id=\"4acb7e0\" data-element_type=\"widget\" data-widget_type=\"image.default\">\n\t\t\t\t<div class=\"elementor-widget-container\">\n\t\t\t<style>\/*! elementor - v3.11.5 - 14-03-2023 *\/\n.elementor-widget-image{text-align:center}.elementor-widget-image a{display:inline-block}.elementor-widget-image a img[src$=\".svg\"]{width:48px}.elementor-widget-image img{vertical-align:middle;display:inline-block}<\/style>\t\t\t\t\t\t\t\t\t\t\t\t<img loading=\"lazy\" decoding=\"async\" width=\"980\" height=\"209\" src=\"https:\/\/www.ergio.ro\/co\/wp-content\/uploads\/2025\/10\/adr1-1024x218.jpg\" class=\"img-fluid attachment-large size-large wp-image-29639\" alt=\"\" srcset=\"https:\/\/www.ergio.ro\/co\/wp-content\/uploads\/2025\/10\/adr1-1024x218.jpg 1024w, https:\/\/www.ergio.ro\/co\/wp-content\/uploads\/2025\/10\/adr1-300x64.jpg 300w, https:\/\/www.ergio.ro\/co\/wp-content\/uploads\/2025\/10\/adr1-768x164.jpg 768w, https:\/\/www.ergio.ro\/co\/wp-content\/uploads\/2025\/10\/adr1-1536x327.jpg 1536w, https:\/\/www.ergio.ro\/co\/wp-content\/uploads\/2025\/10\/adr1-2048x436.jpg 2048w\" sizes=\"auto, (max-width: 980px) 100vw, 980px\" \/>\t\t\t\t\t\t\t\t\t\t\t\t\t\t\t<\/div>\n\t\t\t\t<\/div>\n\t\t\t\t\t<\/div>\n\t\t<\/div>\n\t\t\t\t\t\t\t<\/div>\n\t\t<\/section>\n\t\t\t\t<section class=\"elementor-section elementor-top-section elementor-element elementor-element-b894ff6 elementor-section-boxed elementor-section-height-default elementor-section-height-default\" data-id=\"b894ff6\" data-element_type=\"section\">\n\t\t\t\t\t\t<div class=\"elementor-container elementor-column-gap-default\">\n\t\t\t\t\t<div class=\"elementor-column elementor-col-100 elementor-top-column elementor-element elementor-element-006c451\" data-id=\"006c451\" data-element_type=\"column\">\n\t\t\t<div class=\"elementor-widget-wrap elementor-element-populated\">\n\t\t\t\t\t\t\t\t<div class=\"elementor-element elementor-element-793ae772 aboutBack sm:d-none elementor-widget elementor-widget-image\" data-id=\"793ae772\" data-element_type=\"widget\" data-widget_type=\"image.default\">\n\t\t\t\t<div class=\"elementor-widget-container\">\n\t\t\t\t\t\t\t\t\t\t\t\t\t\t\t<img loading=\"lazy\" decoding=\"async\" width=\"1460\" height=\"1092\" src=\"https:\/\/www.ergio.ro\/co\/wp-content\/uploads\/2022\/12\/output-onlinepngtools-39.png\" class=\"img-fluid attachment-full size-full wp-image-13651\" alt=\"\" srcset=\"https:\/\/www.ergio.ro\/co\/wp-content\/uploads\/2022\/12\/output-onlinepngtools-39.png 1460w, https:\/\/www.ergio.ro\/co\/wp-content\/uploads\/2022\/12\/output-onlinepngtools-39-300x224.png 300w, https:\/\/www.ergio.ro\/co\/wp-content\/uploads\/2022\/12\/output-onlinepngtools-39-1024x766.png 1024w, https:\/\/www.ergio.ro\/co\/wp-content\/uploads\/2022\/12\/output-onlinepngtools-39-768x574.png 768w\" sizes=\"auto, (max-width: 1460px) 100vw, 1460px\" \/>\t\t\t\t\t\t\t\t\t\t\t\t\t\t\t<\/div>\n\t\t\t\t<\/div>\n\t\t\t\t<div class=\"elementor-element elementor-element-66a3bb2c elementor-widget elementor-widget-highlighted-heading\" data-id=\"66a3bb2c\" data-element_type=\"widget\" data-widget_type=\"highlighted-heading.default\">\n\t\t\t\t<div class=\"elementor-widget-container\">\n\t\t\t<h2 class=\"highlighted-heading__title sectionHeading__title\">COMUNICAT DE PRES\u0102<\/h2>\t\t<\/div>\n\t\t\t\t<\/div>\n\t\t\t\t<div class=\"elementor-element elementor-element-38bfa655 elementor-widget elementor-widget-highlighted-heading\" data-id=\"38bfa655\" data-element_type=\"widget\" data-widget_type=\"highlighted-heading.default\">\n\t\t\t\t<div class=\"elementor-widget-container\">\n\t\t\t<span class=\"highlighted-heading__title sectionHeading__subtitle\">25.07.2025<\/span>\t\t<\/div>\n\t\t\t\t<\/div>\n\t\t\t\t<div class=\"elementor-element elementor-element-f3a8352 elementor-widget elementor-widget-heading\" data-id=\"f3a8352\" data-element_type=\"widget\" data-widget_type=\"heading.default\">\n\t\t\t\t<div class=\"elementor-widget-container\">\n\t\t\t<style>\/*! elementor - v3.11.5 - 14-03-2023 *\/\n.elementor-heading-title{padding:0;margin:0;line-height:1}.elementor-widget-heading .elementor-heading-title[class*=elementor-size-]>a{color:inherit;font-size:inherit;line-height:inherit}.elementor-widget-heading .elementor-heading-title.elementor-size-small{font-size:15px}.elementor-widget-heading .elementor-heading-title.elementor-size-medium{font-size:19px}.elementor-widget-heading .elementor-heading-title.elementor-size-large{font-size:29px}.elementor-widget-heading .elementor-heading-title.elementor-size-xl{font-size:39px}.elementor-widget-heading .elementor-heading-title.elementor-size-xxl{font-size:59px}<\/style><h6 class=\"elementor-heading-title elementor-size-default\">Valorificarea avantajelor digitaliz\u0103rii \u00een beneficiul companiei ERGIO BY MERLU\u0218C\u0102 SRL Com\u0103ne\u0219ti, Jude\u021b Bac\u0103u<\/h6>\t\t<\/div>\n\t\t\t\t<\/div>\n\t\t\t\t<div class=\"elementor-element elementor-element-a2feba8 elementor-widget elementor-widget-text-editor\" data-id=\"a2feba8\" data-element_type=\"widget\" data-widget_type=\"text-editor.default\">\n\t\t\t\t<div class=\"elementor-widget-container\">\n\t\t\t<style>\/*! elementor - v3.11.5 - 14-03-2023 *\/\n.elementor-widget-text-editor.elementor-drop-cap-view-stacked .elementor-drop-cap{background-color:#818a91;color:#fff}.elementor-widget-text-editor.elementor-drop-cap-view-framed .elementor-drop-cap{color:#818a91;border:3px solid;background-color:transparent}.elementor-widget-text-editor:not(.elementor-drop-cap-view-default) .elementor-drop-cap{margin-top:8px}.elementor-widget-text-editor:not(.elementor-drop-cap-view-default) .elementor-drop-cap-letter{width:1em;height:1em}.elementor-widget-text-editor .elementor-drop-cap{float:left;text-align:center;line-height:1;font-size:50px}.elementor-widget-text-editor .elementor-drop-cap-letter{display:inline-block}<\/style>\t\t\t\t<p>Beneficiar: ERGIO BY MERLU\u0218C\u0102 SRL, Com\u0103ne\u0219ti, Jude\u021b Bac\u0103u Num\u0103r contract de finan\u021bare: 220\/29.07.2025<br \/>Data \u00eencepere proiect: 29.07.2024<br \/>Data finalizare proiect: 29.07.2025<br \/>Finan\u021bare din Programul Regional Nord Est 2021 \u2013 2027, PRIORITATEA 2 NORD-EST \u2013 O REGIUNE MAI DIGITALIZAT\u0102<br \/>25.07.2025<\/p><p><br \/>Societatea ERGIO BY MERLU\u0218C\u0102 SRL anun\u021b\u0103 finalizarea proiectului de finan\u021bare cu titlul \u201cValorificarea avantajelor digitaliz\u0103rii \u00een beneficiul companiei ERGIO BY MERLU\u0218C\u0102 SRL Com\u0103ne\u0219ti, Jude\u021b Bac\u0103u\u201d, SMIS 313874.<\/p><p><br \/>Obiectivul general al proiectului \u00eel reprezint\u0103 transformarea digital\u0103 a companiei, orientat\u0103 spre cre\u0219terea intensit\u0103\u021bii digitale la finalul implement\u0103rii proiectului, prin investi\u021bii \u00een instrumente, echipamente \u0219i servicii digitale.<\/p><p><br \/>Locul de implementare: la sediul societ\u0103\u021bii, situat \u00een Oras Com\u0103ne\u0219ti, Str. Cire\u0219oaia, nr.233, Cartier Verme\u0219ti, Jude\u021b Bac\u0103u.<br \/>Valoarea total\u0103 a proiectului este de 547.793,44 lei, din care valoarea eligibil\u0103 nerambursabila din FEDR este de 419.061,98 lei \u0219i valoarea<br \/>eligibil\u0103 nerambursabil\u0103 din bugetul na\u021bional este de 73.952,11 lei.<\/p><p><br \/>Impactul investi\u021biei la nivelul localit\u0103\u0163ii\/regiunii:<br \/>Cre\u0219terea gradului de digitalizare al companiei va conduce la o integrare mai eficient\u0103 a proceselor de afaceri, o mai bun\u0103 gestionarea a resurselor, scopul final este cre\u0219terea competitivit\u0103\u021bii societ\u0103\u021bii, adaptabil\u0103 \u0219i capabil\u0103 s\u0103 raspund\u0103 rapid pie\u021bei. Astfel, se urm\u0103re\u0219te cre\u0219terea num\u0103rului de clien\u021bi \u0219i implicit dezvoltarea eonomic\u0103 a localit\u0103\u021bii\/regiunii. Investi\u021bia \u00een tehnologie va permite realizarea de produse mai competitive, \u00eentr-un timp mai redus prin optimizarea proceselor din cadrul firmei, ceea ce va contribui la dezvoltarea mediului de afaceri local.<\/p><p><br \/>Cre\u0219terea competitivit\u0103\u021bii prin implementarea solu\u021biilor de digitalizare poate determina alte companii din regiune s\u0103 adopte tehnologii digitale, contribuind astfel la modernizarea \u00eentregului sector. Astfel firma devine un model pentru alte companii din domeniu, \u00eencuraj\u00e2nd concuren\u021ba \u0219i competitivitatea altor afaceri locale.<\/p><p><br \/>Prin integrarea tehnologiei, compania poate concura mai bine cu cele din alte regiuni dezvoltate ale \u021b\u0103rii, consolid\u00e2nd pozi\u021bia regiunii pe pia\u021ba de profil a prelucr\u0103rii lemnului \u0219i reduc\u00e2nd disparit\u0103\u021bile economice.<\/p><p><br \/>Obiectivele specifice ale proiectului:<br \/>1. Cre\u0219terea intensit\u0103\u021bii digitale a companiei la finalul implement\u0103rii proiectului fa\u021b\u0103 de perioada de referin\u021b\u0103 \u0219i utilizarea de 9 (nou\u0103) tehnologii digitale dup\u0103 implementarea proiectului<br \/>2. Realizarea unei solu\u021bii de digitalizare cumulate care s\u0103 conduc\u0103 la atingerea unui nivel ridicat de intensitate digital\u0103 conform DESI 2019.<\/p><p><br \/>Rezultatele proiectului:<br \/>1. Echipamente digitale recep\u021bionate \u0219i puse \u00een func\u021biune: Un Server ERP contabilitate, Un Server ERP companie, Un Server fi\u0219iere, Un Server backup, Un Switch re\u021bea LAN;<br \/>2. Un software tip ERP implementat la locul de implementare al proiectului;<br \/>3. Un serviciu e-factura achizi\u021bionat \u0219i implementat;<br \/>4. Un serviciu de stocare tip cloud implementat;<br \/>5. Minim 4 ac\u021biuni\/post\u0103ri de promovare social media platit\u0103 pe perioada de implementare a proiectului.<\/p><p><br \/>Persoan\u0103 de contact: HALEANT GEORGIANA, Administrator Telefon: 0721234921 Email: georgiana@ergio.co<\/p><p>\u00a0<\/p><p>Pentru informa\u021bii detaliate despre celelalte programe cofinan\u021bate de Uniunea European\u0103, v\u0103 invit\u0103m s\u0103 vizita\u021bi <a class=\"font-semibold text-blue-500 underline\" href=\"https:\/\/mfe.gov.ro\/\" target=\"_blank\" rel=\"noopener\">www.mfe.gov.ro<\/a><\/p>\t\t\t\t\t\t<\/div>\n\t\t\t\t<\/div>\n\t\t\t\t\t<\/div>\n\t\t<\/div>\n\t\t\t\t\t\t\t<\/div>\n\t\t<\/section>\n\t\t\t\t<section class=\"elementor-section elementor-top-section elementor-element elementor-element-05dfb5c elementor-section-boxed elementor-section-height-default elementor-section-height-default\" data-id=\"05dfb5c\" data-element_type=\"section\">\n\t\t\t\t\t\t<div class=\"elementor-container elementor-column-gap-default\">\n\t\t\t\t\t<div class=\"elementor-column elementor-col-33 elementor-top-column elementor-element elementor-element-6bd5fe1\" data-id=\"6bd5fe1\" data-element_type=\"column\">\n\t\t\t<div class=\"elementor-widget-wrap elementor-element-populated\">\n\t\t\t\t\t\t\t\t<div class=\"elementor-element elementor-element-f0bd7be elementor-button-warning elementor-widget elementor-widget-button\" data-id=\"f0bd7be\" data-element_type=\"widget\" data-settings=\"{&quot;background_slideshow_gallery&quot;:[],&quot;background_slideshow_loop&quot;:&quot;yes&quot;,&quot;background_slideshow_slide_duration&quot;:5000,&quot;background_slideshow_slide_transition&quot;:&quot;fade&quot;,&quot;background_slideshow_transition_duration&quot;:500,&quot;background_slideshow_ken_burns_zoom_direction&quot;:&quot;in&quot;,&quot;button_background_hover_slideshow_gallery&quot;:[],&quot;button_background_hover_slideshow_loop&quot;:&quot;yes&quot;,&quot;button_background_hover_slideshow_slide_duration&quot;:5000,&quot;button_background_hover_slideshow_slide_transition&quot;:&quot;fade&quot;,&quot;button_background_hover_slideshow_transition_duration&quot;:500,&quot;button_background_hover_slideshow_ken_burns_zoom_direction&quot;:&quot;in&quot;}\" data-widget_type=\"button.default\">\n\t\t\t\t<div class=\"elementor-widget-container\">\n\t\t\t\t\t<div class=\"elementor-button-wrapper\">\n\t\t\t<a href=\"https:\/\/www.ergio.ro\/co\/wp-content\/uploads\/2025\/10\/ComunicatDePresa_25-07-2025.pdf\" class=\"elementor-button-link elementor-button elementor-size-sm\" role=\"button\">\n\t\t\t\t\t\t<span class=\"elementor-button-content-wrapper\">\n\t\t\t\t\t\t<span class=\"elementor-button-text\">COMUNICAT DE PRES\u0102 PFD<\/span>\n\t\t<\/span>\n\t\t\t\t\t<\/a>\n\t\t<\/div>\n\t\t\t\t<\/div>\n\t\t\t\t<\/div>\n\t\t\t\t\t<\/div>\n\t\t<\/div>\n\t\t\t\t<div class=\"elementor-column elementor-col-33 elementor-top-column elementor-element elementor-element-e522fed\" data-id=\"e522fed\" data-element_type=\"column\">\n\t\t\t<div class=\"elementor-widget-wrap\">\n\t\t\t\t\t\t\t\t\t<\/div>\n\t\t<\/div>\n\t\t\t\t<div class=\"elementor-column elementor-col-33 elementor-top-column elementor-element elementor-element-7806dba\" data-id=\"7806dba\" data-element_type=\"column\">\n\t\t\t<div class=\"elementor-widget-wrap elementor-element-populated\">\n\t\t\t\t\t\t\t\t<div class=\"elementor-element elementor-element-d5bb4f6 elementor-widget elementor-widget-image\" data-id=\"d5bb4f6\" data-element_type=\"widget\" data-widget_type=\"image.default\">\n\t\t\t\t<div class=\"elementor-widget-container\">\n\t\t\t\t\t\t\t\t\t\t\t\t\t\t\t\t<a href=\"https:\/\/regionordest.ro\">\n\t\t\t\t\t\t\t<img loading=\"lazy\" decoding=\"async\" width=\"974\" height=\"210\" src=\"https:\/\/www.ergio.ro\/co\/wp-content\/uploads\/2025\/10\/adr2.jpg\" class=\"img-fluid attachment-large size-large wp-image-29669\" alt=\"\" srcset=\"https:\/\/www.ergio.ro\/co\/wp-content\/uploads\/2025\/10\/adr2.jpg 974w, https:\/\/www.ergio.ro\/co\/wp-content\/uploads\/2025\/10\/adr2-300x65.jpg 300w, https:\/\/www.ergio.ro\/co\/wp-content\/uploads\/2025\/10\/adr2-768x166.jpg 768w\" sizes=\"auto, (max-width: 974px) 100vw, 974px\" \/>\t\t\t\t\t\t\t\t<\/a>\n\t\t\t\t\t\t\t\t\t\t\t\t\t\t\t<\/div>\n\t\t\t\t<\/div>\n\t\t\t\t\t<\/div>\n\t\t<\/div>\n\t\t\t\t\t\t\t<\/div>\n\t\t<\/section>\n\t\t\t\t\t\t\t<\/div>\n\t\t","protected":false},"excerpt":{"rendered":"<p>TITLUL PROIECTULUI Proiect PR NE 2021-2027 Valorificarea avantajelor digitaliz\u0103rii \u00een beneficiul companiei ERGIO BY MERLU\u0218C\u0102 SRL Com\u0103ne\u0219ti, Jude\u021b Bac\u0103u COMUNICAT DE PRES\u0102 25.07.2025 Valorificarea avantajelor digitaliz\u0103rii \u00een beneficiul companiei ERGIO BY MERLU\u0218C\u0102 SRL Com\u0103ne\u0219ti, Jude\u021b Bac\u0103u Beneficiar: ERGIO BY MERLU\u0218C\u0102 SRL, Com\u0103ne\u0219ti, Jude\u021b Bac\u0103u Num\u0103r contract de finan\u021bare: 220\/29.07.2025Data \u00eencepere proiect: 29.07.2024Data finalizare proiect: 29.07.2025Finan\u021bare [&hellip;]<\/p>\n","protected":false},"author":1,"featured_media":0,"parent":0,"menu_order":0,"comment_status":"closed","ping_status":"closed","template":"elementor_header_footer","meta":{"_acf_changed":false,"footnotes":""},"class_list":["post-29638","page","type-page","status-publish","hentry"],"acf":[],"_links":{"self":[{"href":"https:\/\/www.ergio.ro\/co\/wp-json\/wp\/v2\/pages\/29638","targetHints":{"allow":["GET"]}}],"collection":[{"href":"https:\/\/www.ergio.ro\/co\/wp-json\/wp\/v2\/pages"}],"about":[{"href":"https:\/\/www.ergio.ro\/co\/wp-json\/wp\/v2\/types\/page"}],"author":[{"embeddable":true,"href":"https:\/\/www.ergio.ro\/co\/wp-json\/wp\/v2\/users\/1"}],"replies":[{"embeddable":true,"href":"https:\/\/www.ergio.ro\/co\/wp-json\/wp\/v2\/comments?post=29638"}],"version-history":[{"count":44,"href":"https:\/\/www.ergio.ro\/co\/wp-json\/wp\/v2\/pages\/29638\/revisions"}],"predecessor-version":[{"id":29728,"href":"https:\/\/www.ergio.ro\/co\/wp-json\/wp\/v2\/pages\/29638\/revisions\/29728"}],"wp:attachment":[{"href":"https:\/\/www.ergio.ro\/co\/wp-json\/wp\/v2\/media?parent=29638"}],"curies":[{"name":"wp","href":"https:\/\/api.w.org\/{rel}","templated":true}]}}